{"id":80,"date":"2019-04-22T21:33:34","date_gmt":"2019-04-22T21:33:34","guid":{"rendered":"https:\/\/joint.x10.mx\/joint\/mesmerize\/"},"modified":"2019-05-14T17:24:05","modified_gmt":"2019-05-14T17:24:05","slug":"mesmerize","status":"publish","type":"page","link":"https:\/\/joint.x10.mx\/joint\/","title":{"rendered":"Front Page"},"content":{"rendered":"<div  id=\"funciones\" style=\"background-color: #ffffff;\" data-label=\"Funciones\" data-id=\"features-ov-4-mc\" data-export-id=\"features-ov-4-mc\" data-category=\"features\" class=\"features-ov-4-mc content-section content-section-spacing\" data-bullets-visibility=\"true\"><div  class=\"gridContainer\"> <div  data-type=\"row\" class=\"row spaced-cols text-center\"><div  class=\"col-xs-12 col-sm-4 col-padding\"> <i  class=\"fa icon shadow-large-black aligncenter color1 fa-tv reverse round large\"><\/i> <div  data-type=\"column\" class=\"\"> <h5  class=\"font-400\">T\u00da P\u00c1GINA WEB<\/h5> <p  class=\"\">Creamos y redise\u00f1amos proyectos web a la medida, con el objetivo de aportar valor a su estrategia comercial.<\/p><\/div> <\/div> <div  class=\"col-xs-12 col-sm-4 col-padding\"> <i  class=\"fa icon shadow-large-black aligncenter color2 fa-cart-plus reverse round large\"><\/i> <div  data-type=\"column\" class=\"\"><h5  class=\"font-400\">TIENDA EN L\u00cdNEA&nbsp;<\/h5> <p  class=\"\">Creamos la tienda en l\u00ednea, con la tecn\u00f3log\u00eda que funcione para tu negocio.<\/p><\/div> <\/div> <div  class=\"col-xs-12 col-sm-4 col-padding\"> <i  class=\"fa icon shadow-large-black aligncenter color4 fa-comments-o reverse round large\"><\/i> <div  data-type=\"column\" class=\"\"><h5  class=\"font-400\">MARKETING DIGITAL<\/h5> <p  class=\"\">60% de los compradores basa su desici\u00f3n de compra en las redes sociales e informaci\u00f3n de internet.<\/p><\/div> <\/div><\/div> <\/div><\/div><div  id=\"acerca-de-nosotros\" style=\"background-color: #f5fafd;\" data-label=\"Acerca de Nosotros\" data-id=\"about-images-right-section-mc\" data-export-id=\"about-images-right-section-mc\" data-category=\"about\" class=\"about-images-right-section-mc content-section content-section-spacing\" data-bullets-visibility=\"true\"><div  class=\"gridContainer\"> <div  class=\"row middle-sm text-center\"><div  class=\"col-sm-5 content-left-sm\" data-type=\"column\"> <h5  class=\"\">\u00bfQU\u00c9 ES LO QUE HACEMOS?<\/h5> <h2  class=\"\">Proveemos<br > <span  style=\"font-family: Playfair Display,sans-serif; font-weight: 700; font-style: italic;\" href=\"#\">soluciones creativas<\/span> para todas tus necesidades!<\/h2> <p  class=\"\">Nuestra misi\u00f3n es ofrecerte soluciones a la medida que se adapten 100% a tus necesidades, poniendo especial atenci\u00f3n en el apego a est\u00e1ndares de calidad que permitan el crecimiento de tu empresa.<\/p> <a  class=\"button color1\" href=\"#\" target=\"_self\" data-cp-link=\"1\">CONTACTANOS<\/a><\/div> <div  class=\"col-sm-7 space-bottom-xs\"><div  class=\"image-group-side-3-img\"> <img  class=\"topimg shadow-large\" src=\"https:\/\/joint.x10.mx\/joint\/wp-content\/uploads\/2019\/04\/cropped-African-stock-video-of-a-white-caucasian-photographer-or-graphic-designer-working-on-his-laptop-1.jpg\" alt=\"\" title=\"cropped-African-stock-video-of-a-white-caucasian-photographer-or-graphic-designer-working-on-his-laptop-1.jpg\"> <img  class=\"rightimg shadow-large\" src=\"https:\/\/joint.x10.mx\/joint\/wp-content\/uploads\/2019\/04\/cropped-JOINT-1.png\" alt=\"\" title=\"cropped-JOINT-1.png\"> <div  class=\"leftimg\"> <img  class=\"shadow-large\" src=\"https:\/\/joint.x10.mx\/joint\/wp-content\/uploads\/2019\/04\/cropped-woman-working-from-home-using-laptop-on-dining-table_b4smxc5yx_thumbnail-full01-1.png\" alt=\"\" title=\"cropped-woman-working-from-home-using-laptop-on-dining-table_b4smxc5yx_thumbnail-full01-1.png\"><\/div> <\/div><\/div> <\/div><\/div> <\/div><div  id=\"content-1\" style=\"background-color: #f5fafd;\" data-label=\"Content\" data-id=\"content-7-mc\" data-export-id=\"content-7-mc\" data-category=\"content\" class=\"content-7-mc content-section content-section-spacing\"><div  class=\"gridContainer\"> <div  class=\"row middle-sm\"><div  class=\"col-sm-6 space-bottom-xs\" data-type=\"column\"> <h2  class=\"\">Desarrollo y Dise\u00f1o Web<\/h2> <p  class=\"\">Creamos p\u00e1ginas WEB profesionales, que permiten a nuestros clientes competir y ganar en internet.\n<br >Dise\u00f1o atractivo y funcional para facilitar el uso a los visitantes y convertirlos en clientes en el mayor porcentaje posible.<\/p> <a  class=\"button color1\" href=\"#\" target=\"_self\" data-cp-link=\"1\">PROYECTOS WEB<\/a><\/div> <div  class=\"col-sm-6\" data-type=\"column\"> <img  class=\"shadow-large\" src=\"https:\/\/joint.x10.mx\/joint\/wp-content\/uploads\/2019\/04\/cropped-adaptive_web_design_img.png\" alt=\"\" title=\"cropped-adaptive_web_design_img.png\"><\/div> <\/div><\/div> <\/div><div  id=\"content-2\" style=\"background-color: #ffffff;\" data-label=\"Content\" data-id=\"content-8-mc\" data-export-id=\"content-8-mc\" data-category=\"content\" class=\"content-8-mc content-section content-section-spacing\"><div  class=\"gridContainer\"> <div  class=\"row middle-sm\"><div  class=\"col-sm-6 space-bottom-xs space-top-xs\" data-type=\"column\"> <img  class=\"shadow-large\" src=\"https:\/\/joint.x10.mx\/joint\/wp-content\/uploads\/2019\/04\/cropped-Disene-plan-marketing-digital-1.png\" alt=\"\" title=\"cropped-Disene-plan-marketing-digital-1.png\"><\/div> <div  class=\"col-sm-6\" data-type=\"column\"><h2  class=\"\">Marketing Digital &amp; Social Media<\/h2> <p  class=\"\">Generamos m\u00e1s y mejores prospectos para tu equipo de ventas. Enfocamos la estrategia a tu mercado, para que se traduzca en negocio.<\/p> <a  class=\"button color1\" href=\"#\" target=\"_self\" data-cp-link=\"1\">COTIZAR<\/a><\/div> <\/div><\/div> <\/div><div  id=\"portfolio-1\" data-label=\"Portfolio\" data-id=\"portfolio-5-mc\" data-export-id=\"portfolio-5-mc\" data-bullets-visibility=\"true\" data-category=\"portfolio\" class=\"portfolio-5-mc content-section content-section-spacing section-title-col-white-text bg-color1\"><div  class=\"gridContainer\"> <div  class=\"row text-center\"><div  class=\"section-title-col\" data-type=\"column\"> <h5  class=\"\">Nuestros ultimos proyectos<\/h5> <h2  class=\"\">Portfolio<\/h2> <p  class=\"lead\">Lorem ipsum dolor sit amet, consectetur adipisicing elit, sed do eiusmod tempor incididunt ut labore et dolore magna aliqua, ut aliquip ex ea commodo consequat.<\/p><\/div> <\/div> <div  class=\"row space-bottom spaced-cols\" data-type=\"row\"> <div  class=\"col-xs-12 col-sm-4 text-center\"> <div  class=\"card no-padding bordered\"> <div  data-hover-fx=\"portfolio-6\" class=\"contentswap-effect contentswap-overlay\" style=\"float: none; margin: 0; width: 100%;\"> <div  class=\"initial-image\" style=\"float: none; margin: 0;\"> <img  data-size=\"500x333\" src=\"https:\/\/joint.x10.mx\/joint\/wp-content\/themes\/highlight\/customizer\/sections\/images\/cropped-pf-1.jpg\"><\/div> <div  class=\"overlay bg-color6\" style=\"display: block; transition: opacity 800ms ease 0s; -webkit-transition-timing-function: ease; -moz-transition-timing-function: ease; -o-transition-timing-function: ease; transition-timing-function: ease;\"><\/div> <div  class=\"swap-inner col-xs-12\" style=\"display: block; transition: all 800ms ease 0s; background-color: rgba(0,0,0,0); margin-top: 0;\"> <div  class=\"row full-height-row middle-xs middle-sm\"> <div  class=\"col-xs-12 text-center content-holder\"> <a  class=\"button small color2\" href=\"#\" target=\"_blank\" data-cp-link=\"1\">Ver<\/a><\/div> <\/div><\/div> <\/div> <div  class=\"col-xs-12\"> <div  class=\"space-bottom space-top\" data-type=\"column\"> <h5  class=\"\">Dr. Omar Cabrera<\/h5> <p  class=\"small italic\">Lorem ipsum dolor sit amet, consectetur adipiscing elit, sed do eiusmod tempor incididunt ut labore<\/p><\/div> <\/div><\/div> <\/div> <div  class=\"col-xs-12 col-sm-4 text-center\"> <div  class=\"card no-padding bordered\"> <div  data-hover-fx=\"portfolio-6\" class=\"contentswap-effect contentswap-overlay\" style=\"float: none; margin: 0; width: 100%;\"> <div  class=\"initial-image\" style=\"float: none; margin: 0;\"> <img  data-size=\"500x333\" src=\"https:\/\/joint.x10.mx\/joint\/wp-content\/themes\/highlight\/customizer\/sections\/images\/cropped-pf-3.jpg\"><\/div> <div  class=\"overlay bg-color6\" style=\"display: block; transition: opacity 800ms ease 0s; -webkit-transition-timing-function: ease; -moz-transition-timing-function: ease; -o-transition-timing-function: ease; transition-timing-function: ease;\"><\/div> <div  class=\"swap-inner col-xs-12\" style=\"display: block; transition: all 800ms ease 0s; background-color: rgba(0,0,0,0); margin-top: 0;\"> <div  class=\"row full-height-row middle-xs middle-sm\"> <div  class=\"col-xs-12 text-center content-holder\"> <a  class=\"button small color2\" href=\"#\" target=\"_blank\" data-cp-link=\"1\">Ver<\/a><\/div> <\/div><\/div> <\/div> <div  class=\"col-xs-12\"> <div  class=\"space-bottom space-top\" data-type=\"column\"> <h5  class=\"\">Sweet Reba<\/h5> <p  class=\"small italic\">Lorem ipsum dolor sit amet, consectetur adipiscing elit, sed do eiusmod tempor incididunt ut labore<\/p><\/div> <\/div><\/div> <\/div> <div  class=\"col-xs-12 col-sm-4 text-center\"> <div  class=\"card no-padding bordered\"> <div  data-hover-fx=\"portfolio-6\" class=\"contentswap-effect contentswap-overlay\" style=\"float: none; margin: 0; width: 100%;\"> <div  class=\"initial-image\" style=\"float: none; margin: 0;\"> <img  data-size=\"500x333\" src=\"https:\/\/joint.x10.mx\/joint\/wp-content\/themes\/highlight\/customizer\/sections\/images\/cropped-pf-2.jpg\"><\/div> <div  class=\"overlay bg-color6\" style=\"display: block; transition: opacity 800ms ease 0s; -webkit-transition-timing-function: ease; -moz-transition-timing-function: ease; -o-transition-timing-function: ease; transition-timing-function: ease;\"><\/div> <div  class=\"swap-inner col-xs-12\" style=\"display: block; transition: all 800ms ease 0s; background-color: rgba(0,0,0,0); margin-top: 0;\"> <div  class=\"row full-height-row middle-xs middle-sm\"> <div  class=\"col-xs-12 text-center content-holder\"> <a  class=\"button small color2\" href=\"#\" target=\"_blank\" data-cp-link=\"1\">Ver<\/a><\/div> <\/div><\/div> <\/div> <div  class=\"col-xs-12\"> <div  class=\"space-bottom space-top\" data-type=\"column\"> <h5  class=\"\">B \u2013 Horse<\/h5> <p  class=\"small italic\">Lorem ipsum dolor sit amet, consectetur adipiscing elit, sed do eiusmod tempor incididunt ut labore<\/p><\/div> <\/div><\/div> <\/div><\/div> <div  class=\"row\"><div  data-type=\"column\" class=\"col-xs-12 text-center\"> <a  class=\"button color2 y-move\" href=\"#\" target=\"_self\" data-cp-link=\"1\">VER PORTAFOLIO<\/a><\/div> <\/div><\/div> <\/div><div  id=\"testimonios\" style=\"background-color: #ffffff;\" data-label=\"Testimonios\" data-id=\"testimonials-5-mc\" data-export-id=\"testimonials-5-mc\" data-category=\"testimonials\" class=\"testimonials-5-mc content-section content-section-spacing\"><div  class=\"gridContainer\"> <div  class=\"row\"><div  data-type=\"column\" class=\"section-title-col\"> <h5  class=\"\">TESTIMONIOS<\/h5> <h2  class=\"\">Clientes que conf\u00edan en nostros<\/h2> <p  class=\"lead\">No tome nuestra palabra para ello, esto es lo que dicen nuestros clientes:<\/p><\/div> <\/div> <div  class=\"row spaced-cols content-center-sm\" data-type=\"row\"> <div  class=\"col-sm-4\"> <div  class=\"card y-move bordered\" data-type=\"column\"> <i  class=\"fa fa-quote-right icon color1 small quotation-icon\"><\/i> <p  class=\"text-center\">Do you sometimes have the feeling that you\u2019re running into the same obstacles over and over again? Many of my conflicts have the same feel to them, like \u201cHey, I think I\u2019ve been here before,<\/p> <img  src=\"https:\/\/joint.x10.mx\/joint\/wp-content\/uploads\/2019\/05\/cropped-logochico.png\" class=\"round icon\" alt=\"\" title=\"cropped-logochico.png\"> <h6  class=\"\">Rebeca Navarro<\/h6> <p  class=\"small italic\">Sweet Reba<\/p><\/div> <\/div> <div  class=\"col-sm-4\"> <div  class=\"card y-move bordered\" data-type=\"column\"> <i  class=\"fa fa-quote-right icon color1 small quotation-icon\"><\/i> <p  class=\"text-center\">Do you sometimes have the feeling that you\u2019re running into the same obstacles over and over again? Many of my conflicts have the same feel to them, like \u201cHey, I think I\u2019ve been here before,<\/p> <img  src=\"https:\/\/joint.x10.mx\/joint\/wp-content\/themes\/highlight\/customizer\/sections\/images\/team-3.jpg\" class=\"round icon\"> <h6  class=\"\">Dr. Omar Cabrera<\/h6> <p  class=\"small italic\">Dr. Omar Cabrera<\/p><\/div> <\/div> <div  class=\"col-sm-4\"> <div  class=\"card y-move bordered\" data-type=\"column\"> <i  class=\"fa fa-quote-right icon color1 small quotation-icon\"><\/i> <p  class=\"text-center\">Do you sometimes have the feeling that you\u2019re running into the same obstacles over and over again? Many of my conflicts have the same feel to them, like \u201cHey, I think I\u2019ve been here before,<\/p> <img  src=\"https:\/\/joint.x10.mx\/joint\/wp-content\/uploads\/2019\/05\/cropped-Logo512.png\" class=\"round icon\" alt=\"\" title=\"cropped-Logo512.png\"> <h6  class=\"\">Javier Cabrera<\/h6> <p  class=\"small italic\">Hunth\u00f6hle Crossfit<\/p><\/div> <\/div><\/div> <\/div><\/div><div  id=\"cta-1\" style=\"background-color: #f5fafd;\" data-label=\"Cta\" data-id=\"cta-blue-section-mc\" data-export-id=\"cta-blue-section-mc\" data-category=\"cta\" class=\"cta-blue-section-mc content-section content-section-spacing le_cocktail white-text\"><div  class=\"gridContainer\"> <div  class=\"row middle-xs\"><div  class=\"col-sm-8 space-bottom-xs\" data-type=\"column\"> <h2  class=\"\">\u00bfQuieres m\u00e1s informaci\u00f3n?&nbsp;<\/h2> <\/div> <div  class=\"col-sm-4 end-sm\" data-type=\"column\"> <a  class=\"button color2\" href=\"#\" target=\"_self\" data-cp-link=\"1\">COTIZA AHORA<\/a><\/div> <\/div><\/div> <\/div><div  id=\"latest-news-1\" style=\"background-color: #f5fafd;\" data-label=\"Latest-news\" data-id=\"blog-section-mc\" data-export-id=\"blog-section-mc\" data-category=\"latest_news\" class=\"blog-section-mc blog-section-standard content-section content-section-spacing\"><div  class=\"gridContainer\"> <div  class=\"row\"><div  data-type=\"column\" class=\"section-title-col\"> <h5  class=\"\">WE LOVE BLOGGING<\/h5> <h2  class=\"\">Latest from Our Blog<\/h2> <p  class=\"lead\">Lorem ipsum dolor sit amet, consectetur adipisicing elit, sed do eiusmod tempor incididunt ut labore et dolore magna aliqua.<\/p><\/div> <\/div> <div  class=\"row\"> <div  data-type=\"row\" data-dynamic-columns=\"handled\" data-content-shortcode=\"mesmerize_latest_news posts=&quot;3&quot;\">\t\t<div class=\"row center-sm content-left-sm\">\n\t\t\t\t\t<div id=\"post-33\" class=\"col-sm-6 col-md-4 space-bottom space-bottom-xs\">\n\t\t\t\t<div class=\"post-content card y-move bordered\">\n\t\t\t\t\t<div class=\"post-thumbnail\">\n   <a href=\"https:\/\/joint.x10.mx\/joint\/2019\/04\/03\/marketing-digital\/\" class=\"post-list-item-thumb \">\n      <img width=\"1024\" height=\"512\" src=\"https:\/\/joint.x10.mx\/joint\/wp-content\/uploads\/2019\/04\/Disene-plan-marketing-digital.png\" class=\"attachment-post-thumbnail size-post-thumbnail wp-post-image\" alt=\"\" loading=\"lazy\" srcset=\"https:\/\/joint.x10.mx\/joint\/wp-content\/uploads\/2019\/04\/Disene-plan-marketing-digital.png 2000w, https:\/\/joint.x10.mx\/joint\/wp-content\/uploads\/2019\/04\/Disene-plan-marketing-digital-300x150.png 300w, https:\/\/joint.x10.mx\/joint\/wp-content\/uploads\/2019\/04\/Disene-plan-marketing-digital-768x384.png 768w, https:\/\/joint.x10.mx\/joint\/wp-content\/uploads\/2019\/04\/Disene-plan-marketing-digital-1024x512.png 1024w, https:\/\/joint.x10.mx\/joint\/wp-content\/uploads\/2019\/04\/Disene-plan-marketing-digital-1080x540.png 1080w, https:\/\/joint.x10.mx\/joint\/wp-content\/uploads\/2019\/04\/Disene-plan-marketing-digital-1140x570.png 1140w\" sizes=\"(max-width: 1024px) 100vw, 1024px\" \/>   <\/a>\n<\/div>\n\t\t\t\t\t<div class=\"col-padding col-padding-xs\">\n\t\t\t\t\t\t<h3 class=\"post-title space-bottom-small\">\n\t\t\t\t\t\t\t<a href=\"https:\/\/joint.x10.mx\/joint\/2019\/04\/03\/marketing-digital\/\" rel=\"bookmark\">\n\t\t\t\t\t\t\t\tMarketing Digital\t\t\t\t\t\t\t<\/a>\n\t\t\t\t\t\t<\/h3>\n\t\t\t\t\t\t<p>generamos m\u00e1s y mejores prospectos para tu equipo de ventas<\/p>\n\t\t\t\t\t\t<a class=\"read-more link\" href=\"https:\/\/joint.x10.mx\/joint\/2019\/04\/03\/marketing-digital\/\">\n\t\t\t\t\t\t\tRead more\t\t\t\t\t\t<\/a>\n\t\t\t\t\t<\/div>\n\t\t\t\t<\/div>\n\t\t\t<\/div>\n\t\t\t\t\t\t<div id=\"post-29\" class=\"col-sm-6 col-md-4 space-bottom space-bottom-xs\">\n\t\t\t\t<div class=\"post-content card y-move bordered\">\n\t\t\t\t\t<div class=\"post-thumbnail\">\n   <a href=\"https:\/\/joint.x10.mx\/joint\/2019\/04\/03\/diseno-web\/\" class=\"post-list-item-thumb \">\n      <img width=\"1024\" height=\"373\" src=\"https:\/\/joint.x10.mx\/joint\/wp-content\/uploads\/2019\/04\/diseno_web.jpg\" class=\"attachment-post-thumbnail size-post-thumbnail wp-post-image\" alt=\"\" loading=\"lazy\" srcset=\"https:\/\/joint.x10.mx\/joint\/wp-content\/uploads\/2019\/04\/diseno_web.jpg 1920w, https:\/\/joint.x10.mx\/joint\/wp-content\/uploads\/2019\/04\/diseno_web-300x109.jpg 300w, https:\/\/joint.x10.mx\/joint\/wp-content\/uploads\/2019\/04\/diseno_web-768x280.jpg 768w, https:\/\/joint.x10.mx\/joint\/wp-content\/uploads\/2019\/04\/diseno_web-1024x373.jpg 1024w, https:\/\/joint.x10.mx\/joint\/wp-content\/uploads\/2019\/04\/diseno_web-1140x416.jpg 1140w\" sizes=\"(max-width: 1024px) 100vw, 1024px\" \/>   <\/a>\n<\/div>\n\t\t\t\t\t<div class=\"col-padding col-padding-xs\">\n\t\t\t\t\t\t<h3 class=\"post-title space-bottom-small\">\n\t\t\t\t\t\t\t<a href=\"https:\/\/joint.x10.mx\/joint\/2019\/04\/03\/diseno-web\/\" rel=\"bookmark\">\n\t\t\t\t\t\t\t\tCreamos P\u00e1ginas WEB profesionales\t\t\t\t\t\t\t<\/a>\n\t\t\t\t\t\t<\/h3>\n\t\t\t\t\t\t<p>que permiten a nuestros clientes competir y ganar presencia en internet.<\/p>\n\t\t\t\t\t\t<a class=\"read-more link\" href=\"https:\/\/joint.x10.mx\/joint\/2019\/04\/03\/diseno-web\/\">\n\t\t\t\t\t\t\tRead more\t\t\t\t\t\t<\/a>\n\t\t\t\t\t<\/div>\n\t\t\t\t<\/div>\n\t\t\t<\/div>\n\t\t\t\t\t\t<div id=\"post-1\" class=\"col-sm-6 col-md-4 space-bottom space-bottom-xs\">\n\t\t\t\t<div class=\"post-content card y-move bordered\">\n\t\t\t\t\t<div class=\"post-thumbnail\">\n   <a href=\"https:\/\/joint.x10.mx\/joint\/2019\/04\/03\/hello-world\/\" class=\"post-list-item-thumb \">\n      \n            <svg class=\"mesmerize-post-list-item-thumb-placeholder\" width=\"890\" height=\"580\" viewBox=\"0 0 890 580\"\n         preserveAspectRatio=\"none\">\n         <rect width=\"890\" height=\"580\" style=\"fill:#FF9800;\"><\/rect>\n      <\/svg>\n               <\/a>\n<\/div>\n\t\t\t\t\t<div class=\"col-padding col-padding-xs\">\n\t\t\t\t\t\t<h3 class=\"post-title space-bottom-small\">\n\t\t\t\t\t\t\t<a href=\"https:\/\/joint.x10.mx\/joint\/2019\/04\/03\/hello-world\/\" rel=\"bookmark\">\n\t\t\t\t\t\t\t\tHello world!\t\t\t\t\t\t\t<\/a>\n\t\t\t\t\t\t<\/h3>\n\t\t\t\t\t\t<p>Welcome to WordPress. This is your first post. Edit or delete it, then start writing!<\/p>\n\t\t\t\t\t\t<a class=\"read-more link\" href=\"https:\/\/joint.x10.mx\/joint\/2019\/04\/03\/hello-world\/\">\n\t\t\t\t\t\t\tRead more\t\t\t\t\t\t<\/a>\n\t\t\t\t\t<\/div>\n\t\t\t\t<\/div>\n\t\t\t<\/div>\n\t\t\t\t<\/div>\n\t<\/div><\/div> <div  class=\"row\"><div  class=\"text-center\"> <a  class=\"button color1\" data-attr-shortcode=\"href:mesmerize_blog_link\" href=\"https:\/\/joint.x10.mx\/joint\/blog\/\">VIEW OUR BLOG<\/a><\/div> <\/div><\/div><\/div><div  id=\"contacto\" style=\"background-color: rgb(255, 255, 255); background-image: url(&quot;https:\/\/joint.x10.mx\/joint\/wp-content\/uploads\/2019\/04\/Untitled-2.png&quot;); background-size: cover; background-position: center top;\" data-label=\"Contacto\" data-id=\"contact-1-mc\" data-export-id=\"contact-1-mc\" data-category=\"contact\" class=\"contact-1-mc content-section content-section-spacing white-text\" data-parallax-depth=\"20\" data-bullets-visibility=\"true\"><div  class=\"gridContainer\"> <div  class=\"row text-center\"><div  class=\"section-title-col\" data-type=\"column\"> <h5  class=\"\">CONECTATE CON NOSTROS<\/h5> <h2  class=\"\">Contactanos<\/h2> <p  class=\"lead\">Con el Internet propagando el fuego forestal y alcanzando cada parte de nuestra vida cotidiana, m\u00e1s y m\u00e1s tr\u00e1fico se dirige a los sitios web en busca de informaci\u00f3n.<\/p><\/div> <\/div> <div  class=\"row text-center\"> <div  class=\"col-xs-12 col-sm-8 col-sm-offset-2 contact-form-wrapper inline-info\"> <div  class=\"card large-padding\"> <div  class=\"\" data-content-shortcode=\"mesmerize_contact_form shortcode=&quot;contact-form-7 id=&amp;amp;quot;27&amp;amp;quot; title=&amp;amp;quot;Formulario de contacto 1&amp;amp;quot;&quot;\" data-editable=\"true\"><div role=\"form\" class=\"wpcf7\" id=\"wpcf7-f27-o1\" lang=\"es-ES\" dir=\"ltr\">\n<div class=\"screen-reader-response\"><\/div>\n<form action=\"\/joint\/wp-json\/wp\/v2\/pages\/80#wpcf7-f27-o1\" method=\"post\" class=\"wpcf7-form\" novalidate=\"novalidate\">\n<div style=\"display: none;\">\n<input type=\"hidden\" name=\"_wpcf7\" value=\"27\" \/>\n<input type=\"hidden\" name=\"_wpcf7_version\" value=\"5.1.3\" \/>\n<input type=\"hidden\" name=\"_wpcf7_locale\" value=\"es_ES\" \/>\n<input type=\"hidden\" name=\"_wpcf7_unit_tag\" value=\"wpcf7-f27-o1\" \/>\n<input type=\"hidden\" name=\"_wpcf7_container_post\" value=\"0\" \/>\n<\/div>\n<p><label> Tu nombre (requerido)<br \/>\n    <span class=\"wpcf7-form-control-wrap your-name\"><input type=\"text\" name=\"your-name\" value=\"\" size=\"40\" class=\"wpcf7-form-control wpcf7-text wpcf7-validates-as-required\" aria-required=\"true\" aria-invalid=\"false\" \/><\/span> <\/label><\/p>\n<p><label> Tu correo electr\u00f3nico (requerido)<br \/>\n    <span class=\"wpcf7-form-control-wrap your-email\"><input type=\"email\" name=\"your-email\" value=\"\" size=\"40\" class=\"wpcf7-form-control wpcf7-text wpcf7-email wpcf7-validates-as-required wpcf7-validates-as-email\" aria-required=\"true\" aria-invalid=\"false\" \/><\/span> <\/label><\/p>\n<p><label> Asunto<br \/>\n    <span class=\"wpcf7-form-control-wrap your-subject\"><input type=\"text\" name=\"your-subject\" value=\"\" size=\"40\" class=\"wpcf7-form-control wpcf7-text\" aria-invalid=\"false\" \/><\/span> <\/label><\/p>\n<p><label> Tu mensaje<br \/>\n    <span class=\"wpcf7-form-control-wrap your-message\"><textarea name=\"your-message\" cols=\"40\" rows=\"10\" class=\"wpcf7-form-control wpcf7-textarea\" aria-invalid=\"false\"><\/textarea><\/span> <\/label><\/p>\n<p><input type=\"submit\" value=\"Enviar\" class=\"wpcf7-form-control wpcf7-submit\" \/><\/p>\n<div class=\"wpcf7-response-output wpcf7-display-none\"><\/div><\/form><\/div><\/div><\/div> <\/div><\/div> <\/div><\/div>","protected":false},"excerpt":{"rendered":"<p>T\u00da P\u00c1GINA WEB Creamos y redise\u00f1amos proyectos web a la medida, con el objetivo de aportar valor a su estrategia comercial. TIENDA EN L\u00cdNEA&nbsp; Creamos la tienda en l\u00ednea, con la tecn\u00f3log\u00eda que funcione para tu negocio. MARKETING DIGITAL 60% de los compradores basa su desici\u00f3n de compra en las redes sociales e informaci\u00f3n de&hellip; <br \/> <a class=\"read-more\" href=\"https:\/\/joint.x10.mx\/joint\/2019\/04\/03\/hello-world\/\">Leer m\u00e1s<\/a><\/p>\n","protected":false},"author":1,"featured_media":0,"parent":0,"menu_order":0,"comment_status":"closed","ping_status":"closed","template":"page-templates\/homepage.php","meta":[],"_links":{"self":[{"href":"https:\/\/joint.x10.mx\/joint\/wp-json\/wp\/v2\/pages\/80"}],"collection":[{"href":"https:\/\/joint.x10.mx\/joint\/wp-json\/wp\/v2\/pages"}],"about":[{"href":"https:\/\/joint.x10.mx\/joint\/wp-json\/wp\/v2\/types\/page"}],"author":[{"embeddable":true,"href":"https:\/\/joint.x10.mx\/joint\/wp-json\/wp\/v2\/users\/1"}],"replies":[{"embeddable":true,"href":"https:\/\/joint.x10.mx\/joint\/wp-json\/wp\/v2\/comments?post=80"}],"version-history":[{"count":18,"href":"https:\/\/joint.x10.mx\/joint\/wp-json\/wp\/v2\/pages\/80\/revisions"}],"predecessor-version":[{"id":146,"href":"https:\/\/joint.x10.mx\/joint\/wp-json\/wp\/v2\/pages\/80\/revisions\/146"}],"wp:attachment":[{"href":"https:\/\/joint.x10.mx\/joint\/wp-json\/wp\/v2\/media?parent=80"}],"curies":[{"name":"wp","href":"https:\/\/api.w.org\/{rel}","templated":true}]}}